{"id":75,"date":"2023-03-26T23:26:57","date_gmt":"2023-03-26T23:26:57","guid":{"rendered":"https:\/\/pyp.sangua.com.ar\/?page_id=75"},"modified":"2023-06-02T15:18:33","modified_gmt":"2023-06-02T15:18:33","slug":"preguntas-frecuentes","status":"publish","type":"page","link":"https:\/\/pulidoyplastificado.com.ar\/index.php\/preguntas-frecuentes\/","title":{"rendered":"preguntas frecuentes"},"content":{"rendered":"\n<meta name=\"description\" content=\"Con 40 a\u00f1os de experiencia, somos expertos en pulido, plastificado, hidrolaqueado y reparaci\u00f3n pisos de madera. Garantizamos calidad en cada trabajo y brindamos asesoramiento t\u00e9cnico personalizado.\">\n\n<div class=\"fusion-title-sc-wrapper\" style=\"background-color:rgba(78, 78, 78, 0.4);\">\n    <div class=\"fusion-title title fusion-title-2 fusion-sep-none fusion-title-center fusion-title-text fusion-title-size-three fusion-border-below-title\" style=\"margin-top:0px;margin-right:0px;margin-bottom:0px;margin-left:0px;\">\n        <h3 class=\"title-heading-center fusion-responsive-typography-calculated\" style=\"margin: 0px; color: rgb(255, 255, 255); font-size: 25px; line-height: 1.2; --fontSize: 38; --typography_sensitivity: 1;\" data-fontsize=\"38\" data-lineheight=\"45.6px\">\n            <img loading=\"lazy\" decoding=\"async\" src=\"https:\/\/pulidoyplastificado.com.ar\/wp-content\/uploads\/2025\/03\/modificacionDeBanerPrecio.png\" alt=\"\" width=\"1200\" height=\"296\" class=\"aligncenter size-full wp-image-488 lazyloaded\" draggable=\"false\" data-ll-status=\"loaded\">\n            <noscript><img loading=\"lazy\" decoding=\"async\" src=\"https:\/\/pulidoyplastificado.com.ar\/wp-content\/uploads\/2023\/10\/CpuntoModificacionDeBanerPrecio.jpg\" alt=\"\" width=\"1200\" height=\"296\" class=\"aligncenter size-full wp-image-488\"><\/noscript> \n            <div style=\"padding: 1%; margin-left: 3%;\"><strong>Llamanos:<\/strong>\n                <ul>\n                    <br>\n                    <li><a href=\"tel:+5491136537442\">15 3653-7442<\/a><\/li>\n                    <li><a href=\"tel:+5491130132808\">15 3013-2808<\/a><\/li>\n                <\/ul>\n            <\/div>\n        <\/h3>\n    <\/div>\n<\/div>\n<br><br>\n<br><br>\n\n\n\n<!-- pregunta 1 -->\n\n<div class=\"ver-mas\" \"wp-block-button\"=\"\" data-texto=\"texto3\"><a class=\"wp-block-button__link wp-element-button\"> \u00bfque es el Pulido y Plastificado de Pisos de Madera? <\/a><\/div>\n\n<div class=\"texto-oculto\" id=\"texto3\">\n\n<br> \n<br>\n\n    <p>El pulido y plastificado de pisos de madera es un proceso antiguo y efectivo para mejorar el aspecto y proteger la madera. Con m\u00e1s de 40 a\u00f1os de experiencia, garantizamos un servicio de calidad supervisando cada procedimiento para lograr la satisfacci\u00f3n de nuestros clientes.<\/p>\n    <p>El proceso de pulido es el paso inicial y debe hacerse cuidadosamente, ya que un mal pulido puede arruinar la madera para siempre. Es importante contar con una superficie lisa, suave y completamente limpia antes del plastificado, por lo que utilizamos maquinaria de \u00faltima generaci\u00f3n con sistema de aspiraci\u00f3n para lijar, nivelar y eliminar las impurezas de la madera.<\/p>\n    <p>Para el plastificado, aplicamos tres capas de laca poliuret\u00e1nica y realizamos un lijado fino a mano entre capa y capa para mejorar las terminaciones. Antes de plastificar, debes decidir qu\u00e9 tipo de acabado deseas, ya sea brillante, semi brillo o mate.<\/p>\n    <p>Es importante utilizar materiales de primeras marcas para garantizar un plastificado duradero y evitar problemas en el futuro. Todos nuestros trabajos est\u00e1n garantizados para mayor tranquilidad de nuestros clientes.<\/p>\n\n<\/div>\n\n<br> \n<br>\n\n<!-- pregunta 2 -->\n\n<div class=\"ver-mas\" \"wp-block-button\"=\"\" data-texto=\"texto4\"><a class=\"wp-block-button__link wp-element-button\"> \u00bfEstoy viviendo en el departamento, que hago con los muebles. ? <\/a><\/div>\n\n<div class=\"texto-oculto\" id=\"texto4\">\n\n<br> \n<br>\n\n    <p>Lo importante es que podemos ayudarte, solo te pedimos que antes y para ganar tiempo retires  vajillas, adornos, libros vaciando los muebles para que luego los podamos mover.<\/p>\n    <p>Y los m\u00e1s importante evitar arrastrar los muebles, es muy peligroso para el piso de madera, podr\u00edas provocar rayas profundas que no salen con el pulido. En este caso lo que recomendamos es utilizar debajo de las patas del mueble brazadas para deslizarlo.<\/p>\n\n<\/div>\n\n<br> \n<br>\n\n<!-- pregunta 3 -->\n\n<div class=\"ver-mas\" \"wp-block-button\"=\"\" data-texto=\"texto5\"><a class=\"wp-block-button__link wp-element-button\"> \u00bfQU\u00c9 ES EL SERVICE O MANTENIMIENTO? <\/a><\/div>\n\n<div class=\"texto-oculto\" id=\"texto5\">\n\n<br> \n<br>\n\n    <p>con el transcurso del tiempo tanto el plastificado como el hidrolaqueado van perdiendo su resistencia al tr\u00e1nsito y se va gastando, por esta raz\u00f3n es que recomendamos realizar un service de mantenimiento del pisos de madera cado 2 o 3 a\u00f1os, este trabajo es mas simple y r\u00e1pido que el trabajo convencional, ya que no requiere de pulido sino que consiste, en realizar un pulido suave con maya para abrir los poros del plastificado existente y no levanta polvo para luego aplicar una mano o dos de laca poliuretanica o hidrolaca. De esta manera evitar volver a pulir el piso de madera, hay tratar de evitar llegara al desgaste profundo del plastificado, y esto ocurre cuando se observan pelones o manchas grises, porque si esto ocurre el service ya no ser\u00eda lo mismo.<\/p>\n    <p>Entonces haciendo el service de mantenimiento no solo evitaras pulir los pisos sino que adem\u00e1s el costo o mucho m\u00e1s econ\u00f3mico. Y tus pisos siempre estar\u00e1n relucientes alargando la vida \u00fatil de la madera.<\/p>\n\n<\/div>\n\n<br> \n<br>\n\n<!-- pregunta 4 -->\n\n<div class=\"ver-mas\" \"wp-block-button\"=\"\" data-texto=\"texto6\"><a class=\"wp-block-button__link wp-element-button\"> \u00bfEl servicio de pulido plastificado tiene garant\u00eda? <\/a><\/div>\n\n<div class=\"texto-oculto\" id=\"texto6\">\n\n<br> \n<br>\n\n    <p>Al realizar el  servicio de pulido y plastificado tienes que saber que te incluye la garant\u00eda del trabajo, esto es muy importante, si bien, no es com\u00fan que ocurra, pero puede pasar que se  acelere el desgaste del plastificado. En este caso deber\u00e1s comunicarte y solicitar una visita t\u00e9cnica. Para tranquilidad de nuestros clientes los materiales que aplicamos son de primera calidad  y son elegidos y calificados cuidadosamente, debemos garantizar un buen trabajo.<\/p>\n\n<\/div>\n\n<br> \n<br>\n\n<!-- pregunta 5 -->\n\n<div class=\"ver-mas\" \"wp-block-button\"=\"\" data-texto=\"texto7\"><a class=\"wp-block-button__link wp-element-button\"> \u00bfEn cuanto tiempo se hace el trabajo de pulido y plastificado? <\/a><\/div>\n\n<div class=\"texto-oculto\" id=\"texto7\">\n\n<br> \n<br>\n\n    <p>En cuanto a los tiempos de trabajo de pulido y plastificado, es importante tener en cuenta que una obra de aproximadamente 20 metros cuadrados se realiza en el mismo d\u00eda y no se debe pisar la superficie por unas 12 horas aproximadamente.<\/p>\n    <p>El tiempo que toma el proceso de pulir y plastificar el piso de madera, depende de diferentes factores, como por ejemplo el tiempo que disponemos para hacer el trabajo y la organizaci\u00f3n de d\u00edas y horarios que es fundamental para optimizar los recursos necesarios. Un dato a tener muy en cuenta, es el horario que tanto administraciones y consorcio consideran permitidos para ejecutar las tareas de pulido y plastificado, ya que hay edificios donde no dejan hacer ruidos de obra en horarios determinados, por este motivo recomendamos al cliente confirmarlo con la administraci\u00f3n. El mejor horario para comenzar a pulir los pisos de madera es entre las 8 hs y 9hs., continuando todo el d\u00eda hasta las 17hs.<\/p>\n    <p>Otro \u00edtem a considerar son los metros totales de obra, si hay muebles, o bien, la superficie est\u00e1 despejada. Estos puntos mencionados pueden ir modificando los tiempos de trabajo.<\/p>\n    <p>Un consejo a tener en cuenta, antes de comenzar, es liberar los espacios donde se va a trabajar de muebles y objetos, en caso de no tener quien ayude a vaciar los espacios nosotros podemos colaborar a mover los muebles m\u00e1s pesados para que el trabajo se realice efectiva y eficientemente dejando despeja cada \u00e1rea o ambiente.<\/p>\n\n<\/div>\n\n<br> \n<br>\n\n<!-- pregunta 6 -->\n\n<div class=\"ver-mas\" \"wp-block-button\"=\"\" data-texto=\"texto9\"><a class=\"wp-block-button__link wp-element-button\"> \u00bfEl hidrolaqueado es t\u00f3xico? <\/a><\/div>\n\n<div class=\"texto-oculto\" id=\"texto9\">\n\n<br> \n<br>\n\n    <p>No es toxico, es una laca a base de agua que no tiene toxicidad , siendo una de sus principales ventajas. Por esta raz\u00f3n es recomendable para personas con problemas de respiraci\u00f3n y reci\u00e9n nacidos. Ademas el secado es sumamente r\u00e1pido, se puede transitar a partir de las 6hs de aplicada la \u00faltima mano, a diferencia del plastificado no queda ninguna  toxina o qu\u00edmico en el aire. Incluso su olor es casi nulo.<\/p>\n    <p>Los pisos hidrolaqueados no solo tienen durabilidad, adem\u00e1s presentan un aspecto unico, otorgando al hogar mayor calidez y protecci\u00f3n. Y son muy f\u00e1ciles de limpiar, un pa\u00f1o apenas h\u00famedo. Pero para poder lograr estos resultados, hay  que contratar un profesional que tenga el conocimiento y los recursos necesarios para realizar el trabajo el servicio.<\/p>\n    <p>Nos dedicamos a la proteccion y cuidado de pisos de madera o parquet para interior y exterior desde hace mas de 40 a\u00f1os, siendo expertos en el rubro de pisos, esto nos permite garantizar los mejores resultados al momento de contratar nuestros servicios.<\/p>\n\n<\/div>\n\n<br> \n<br>\n\n<!-- pregunta 7 -->\n\n<div class=\"ver-mas\" \"wp-block-button\"=\"\" data-texto=\"texto11\"><a class=\"wp-block-button__link wp-element-button\"> \u00bfQue diferencias hay entre Hidrolaqueado y Plastificado? <\/a><\/div>\n\n<div class=\"texto-oculto\" id=\"texto11\">\n\n<br> \n<br>\n\n    <p>A diferencia de las lacas poliuretanicas que son al solvente y forman una l\u00e1mina r\u00edgida sobre la madera oscureciendo un poco la madera, el hidrolaqueado de pisos es un uretano acuoso, tiene propiedades que son antideslizantes y el\u00e1sticas. Es una laca acuosa que no tiene olor a diferencia del plastificado que es toxicoy de fuerte olor al aplicar.<\/p>\n    <p>El hidrolaqueado es la alternativa ideal en cuidado y protecci\u00f3n de pisos de madera para interior especialmente  para personas con problemas respetarlos o reci\u00e9n nacidas.<\/p>\n    <p>En cuanto a la terminaci\u00f3n el hidrolaqueado  siempre tiene menos brillo que el plastificado y podes optar entre terminaci\u00f3n brillante y satinado, siempre teniendo en cuenta que un brillante en hidrolaqueado es similar a un semi brillo en plastificado.<\/p>\n    <p>\n    Lo recomendable es decidir el acabado antes de aplicar la primera mano de hidrolaqueado.   Para una buena terminaci\u00f3n el secreto est\u00e1 en aplicar el material utilizando el m\u00e9todo convencional que es a rodillo o pincel.\n    <\/p>\n    <p>\n    EL tiempo de secado del hidrolaqueado es de 5 horas la ultima mano, siendo mas r\u00e1pido que el plastificado, mientras que la primera y segunda mano secan en 2hs aproximdamente.\n    <\/p>\n    \n<\/div>\n\n<style>\n    .entry-title\n       {\n\tdisplay: none;\n       }\n   .site-description{\n     display: none;\n}\n    .custom-logo-link\n    {\n       display: none;\n    }\n  <\/style>\n\n\n\n<br><br>\n<div style=\"font-size: 1em;\">\n    <p>Ofrecemos nuestros servicios en:<\/p>\n    <ul>\n        <li><a href=\"https:\/\/pulidoyplastificado.com.ar\/index.php\/pulido-y-plastificado-caballito\">Pulido y Plastificado en Caballito<\/a><\/li>\n        <li><a href=\"https:\/\/pulidoyplastificado.com.ar\/index.php\/pulido-y-plastificado-velez-sarsfield\">Pulido y Plastificado en Velez Sarsfield<\/a><\/li>\n        <li><a href=\"https:\/\/pulidoyplastificado.com.ar\/index.php\/pulido-y-plastificado-boedo\">Pulido y Plastificado en Boedo<\/a><\/li>\n        <li><a href=\"https:\/\/pulidoyplastificado.com.ar\/index.php\/pulido-y-plastificado-chacarita\">Pulido y Plastificado en Chacarita<\/a><\/li>\n        <li><a href=\"https:\/\/pulidoyplastificado.com.ar\/index.php\/pulido-y-plastificado-floresta\">Pulido y Plastificado en floresta<\/a><\/li>    \n        <li><a href=\"https:\/\/pulidoyplastificado.com.ar\/index.php\/pulido-y-plastificado-villa-santa-rita\">Pulido y Plastificado en Villa Santa Rita<\/a><\/li>\n        <li><a href=\"https:\/\/pulidoyplastificado.com.ar\/index.php\/pulido-y-plastificado-mataderos\">Pulido y Plastificado en Mataderos<\/a><\/li>\n        <li><a href=\"https:\/\/pulidoyplastificado.com.ar\/index.php\/pulido-y-plastificado-villa-riachuelo\">Pulido y Plastificado en Villa Riachuelo<\/a><\/li>\n        <li><a href=\"https:\/\/pulidoyplastificado.com.ar\/index.php\/pulido-y-plastificado-savedra\">Pulido y Plastificado en Savedra<\/a><\/li>\n        <li><a href=\"https:\/\/pulidoyplastificado.com.ar\/index.php\/pulido-y-plastificado-villa-real\">Pulido y Plastificado en Villa Real<\/a><\/li>\n        <li><a href=\"https:\/\/pulidoyplastificado.com.ar\/index.php\/pulido-y-plastificado-villa-soldati\">Pulido y Plastificado en Villa Soldati<\/a><\/li>\n        <li><a href=\"https:\/\/pulidoyplastificado.com.ar\/index.php\/pulido-y-plastificado-villa-pueyrredon\">Pulido y Plastificado en Villa Pueyrredon<\/a><\/li>\n        <li><a href=\"https:\/\/pulidoyplastificado.com.ar\/index.php\/pulido-y-plastificado-villa-ortuzar\">Pulido y Plastificado en Villa Ortuzar<\/a><\/li>\n        <li><a href=\"https:\/\/pulidoyplastificado.com.ar\/index.php\/pulido-y-plastificado-villa-lugano\">Pulido y Plastificado en Villa Lugano<\/a><\/li>\n        <li><a href=\"https:\/\/pulidoyplastificado.com.ar\/index.php\/pulido-y-plastificado-villa-general-mitre\">Pulido y Plastificado en Villa General Mitre<\/a><\/li>\n        <li><a href=\"https:\/\/pulidoyplastificado.com.ar\/index.php\/pulido-y-plastificado-versalles\">Pulido y Plastificado en Versalles<\/a><\/li>\n        <li><a href=\"https:\/\/pulidoyplastificado.com.ar\/index.php\/pulido-y-plastificado-san-nicolas\">Pulido y Plastificado en San Nicolas<\/a><\/li>\n        <li><a href=\"https:\/\/pulidoyplastificado.com.ar\/index.php\/pulido-y-plastificado-san-cristobal\">Pulido y Plastificado en San Cristobal<\/a><\/li>\n        <li><a href=\"https:\/\/pulidoyplastificado.com.ar\/index.php\/pulido-y-plastificado-puerto-madero\">Pulido y Plastificado en Puerto Madero<\/a><\/li>\n        <li><a href=\"https:\/\/pulidoyplastificado.com.ar\/index.php\/pulido-y-plastificado-parque-patricios\">Pulido y Plastificado en Parque Patricios<\/a><\/li>\n<li><a href=\"https:\/\/pulidoyplastificado.com.ar\/index.php\/pulido-y-plastificado-parque-chas\">Pulido y Plastificado en Parque Chas<\/a><\/li>\n        <li><a href=\"https:\/\/pulidoyplastificado.com.ar\/index.php\/pulido-y-plastificado-parque-chacabuco\">Pulido y Plastificado en Parque Chacabuco<\/a><\/li>\n        <li><a href=\"https:\/\/pulidoyplastificado.com.ar\/index.php\/pulido-y-plastificado-parque-avellaneda\">Pulido y Plastificado en Parque Avellaneda<\/a><\/li>\n        <li><a href=\"https:\/\/pulidoyplastificado.com.ar\/index.php\/pulido-y-plastificado-nueva-pompeya\">Pulido y Plastificado en Nueva Pompeya<\/a><\/li>\n        <li><a href=\"https:\/\/pulidoyplastificado.com.ar\/index.php\/pulido-y-plastificado-la-paternal\">Pulido y Plastificado en La Paternal<\/a><\/li>\n        <li><a href=\"https:\/\/pulidoyplastificado.com.ar\/index.php\/pulido-y-plastificado-constitucion\">Pulido y Plastificado en Constituci\u00f3n<\/a><\/li>\n        <li><a href=\"https:\/\/pulidoyplastificado.com.ar\/index.php\/pulido-y-plastificado-la-boca\">Pulido y Plastificado en La Boca<\/a><\/li>\n        <li><a href=\"https:\/\/pulidoyplastificado.com.ar\/index.php\/pulido-y-plastificado-coghlan\">Pulido y Plastificado en Coghlan<\/a><\/li>\n        <li><a href=\"https:\/\/pulidoyplastificado.com.ar\/index.php\/pulido-y-plastificado-agronomia\">Pulido y Plastificado en Agronom\u00eda<\/a><\/li>\n        <li><a href=\"https:\/\/pulidoyplastificado.com.ar\/index.php\/pulido-y-plastificado-monte-castro\">Pulido y Plastificado en Monte Castro<\/a><\/li>\n        <li><a href=\"https:\/\/pulidoyplastificado.com.ar\/index.php\/pulido-y-plastificado-liniers\">Pulido y Plastificado en Liniers<\/a><\/li>\n        <li><a href=\"https:\/\/pulidoyplastificado.com.ar\/index.php\/pulido-y-plastificado-montserrat\">Pulido y Plastificado en Montserrat<\/a><\/li>\n        <li><a href=\"https:\/\/pulidoyplastificado.com.ar\/index.php\/pulido-y-plastificado-chacarita\">Pulido y Plastificado en Chacarita<\/a><\/li>\n        <li><a href=\"https:\/\/pulidoyplastificado.com.ar\/index.php\/pulido-y-plastificado-villa-luro\">Pulido y Plastificado en Villa Luro<\/a><\/li>\n<li><a href=\"https:\/\/pulidoyplastificado.com.ar\/index.php\/pulido-y-plastificado-villa-urquiza\">Pulido y Plastificado en Villa Urquiza<\/a><\/li>\n        <li><a href=\"https:\/\/pulidoyplastificado.com.ar\/index.php\/pulido-y-plastificado-belgrano\">Pulido y Plastificado en Belgrano<\/a><\/li>\n        <li><a href=\"https:\/\/pulidoyplastificado.com.ar\/index.php\/pulido-y-plastificado-colegiales\">Pulido y Plastificado en Colegiales<\/a><\/li>\n        <li><a href=\"https:\/\/pulidoyplastificado.com.ar\/index.php\/pulido-y-plastificado-nunez\">Pulido y Plastificado en N\u00fa\u00f1ez<\/a><\/li>\n        <li><a href=\"https:\/\/pulidoyplastificado.com.ar\/index.php\/pulido-y-plastificado-palermo\">Pulido y Plastificado en Palermo<\/a><\/li>\n        <li><a href=\"https:\/\/pulidoyplastificado.com.ar\/index.php\/pulido-y-plastificado-recoleta\">Pulido y Plastificado en Recoleta<\/a><\/li>\n        <li><a href=\"https:\/\/pulidoyplastificado.com.ar\/index.php\/pulido-y-plastificado-san-telmo\">Pulido y Plastificado en San Telmo<\/a><\/li>\n        <li><a href=\"https:\/\/pulidoyplastificado.com.ar\/index.php\/pulido-y-plastificado-retiro\">Pulido y Plastificado en Retiro<\/a><\/li>\n        <li><a href=\"https:\/\/pulidoyplastificado.com.ar\/index.php\/pulido-y-plastificado-congreso\">Pulido y Plastificado en Congreso<\/a><\/li>\n        <li><a href=\"https:\/\/pulidoyplastificado.com.ar\/index.php\/pulido-y-plastificado-monserrat\">Pulido y Plastificado en Monserrat<\/a><\/li>\n        <li><a href=\"https:\/\/pulidoyplastificado.com.ar\/index.php\/pulido-y-plastificado-san-nicolas\">Pulido y Plastificado en San Nicol\u00e1s<\/a><\/li>\n    <\/ul>\n<\/div>\n\n\n\n<br>\n<hr>\n<br><br><br>\n<img decoding=\"async\" src=\"https:\/\/pulidoyplastificado.com.ar\/wp-content\/uploads\/2023\/06\/1.jpg\" alt=\"marcas\">\n\n","protected":false},"excerpt":{"rendered":"","protected":false},"author":1,"featured_media":0,"parent":0,"menu_order":0,"comment_status":"closed","ping_status":"closed","template":"","meta":{"_joinchat":[],"footnotes":""},"class_list":["post-75","page","type-page","status-publish","hentry"],"yoast_head":"<!-- This site is optimized with the Yoast SEO plugin v27.1.1 - https:\/\/yoast.com\/product\/yoast-seo-wordpress\/ -->\n<title>preguntas frecuentes -<\/title>\n<meta name=\"robots\" content=\"index, follow, max-snippet:-1, max-image-preview:large, max-video-preview:-1\" \/>\n<link rel=\"canonical\" href=\"https:\/\/pulidoyplastificado.com.ar\/index.php\/preguntas-frecuentes\/\" \/>\n<meta property=\"og:locale\" content=\"en_US\" \/>\n<meta property=\"og:type\" content=\"article\" \/>\n<meta property=\"og:title\" content=\"preguntas frecuentes -\" \/>\n<meta property=\"og:url\" content=\"https:\/\/pulidoyplastificado.com.ar\/index.php\/preguntas-frecuentes\/\" \/>\n<meta property=\"article:publisher\" content=\"https:\/\/www.facebook.com\/profile.php?id=100069859611878\" \/>\n<meta property=\"article:modified_time\" content=\"2023-06-02T15:18:33+00:00\" \/>\n<meta property=\"og:image\" content=\"https:\/\/pulidoyplastificado.com.ar\/wp-content\/uploads\/2023\/05\/IMG_20210823_202639_122-e1684359984509.webp\" \/>\n\t<meta property=\"og:image:width\" content=\"482\" \/>\n\t<meta property=\"og:image:height\" content=\"296\" \/>\n\t<meta property=\"og:image:type\" content=\"image\/webp\" \/>\n<meta name=\"twitter:card\" content=\"summary_large_image\" \/>\n<script type=\"application\/ld+json\" class=\"yoast-schema-graph\">{\"@context\":\"https:\/\/schema.org\",\"@graph\":[{\"@type\":\"WebPage\",\"@id\":\"https:\/\/pulidoyplastificado.com.ar\/index.php\/preguntas-frecuentes\/\",\"url\":\"https:\/\/pulidoyplastificado.com.ar\/index.php\/preguntas-frecuentes\/\",\"name\":\"preguntas frecuentes -\",\"isPartOf\":{\"@id\":\"https:\/\/pulidoyplastificado.com.ar\/#website\"},\"datePublished\":\"2023-03-26T23:26:57+00:00\",\"dateModified\":\"2023-06-02T15:18:33+00:00\",\"breadcrumb\":{\"@id\":\"https:\/\/pulidoyplastificado.com.ar\/index.php\/preguntas-frecuentes\/#breadcrumb\"},\"inLanguage\":\"en-US\",\"potentialAction\":[{\"@type\":\"ReadAction\",\"target\":[\"https:\/\/pulidoyplastificado.com.ar\/index.php\/preguntas-frecuentes\/\"]}]},{\"@type\":\"BreadcrumbList\",\"@id\":\"https:\/\/pulidoyplastificado.com.ar\/index.php\/preguntas-frecuentes\/#breadcrumb\",\"itemListElement\":[{\"@type\":\"ListItem\",\"position\":1,\"name\":\"Portada\",\"item\":\"https:\/\/pulidoyplastificado.com.ar\/\"},{\"@type\":\"ListItem\",\"position\":2,\"name\":\"preguntas frecuentes\"}]},{\"@type\":\"WebSite\",\"@id\":\"https:\/\/pulidoyplastificado.com.ar\/#website\",\"url\":\"https:\/\/pulidoyplastificado.com.ar\/\",\"name\":\"Pulido y Plastificado\",\"description\":\"Con 40 a\u00f1os de experiencia, somos expertos en pulido, plastificado, hidrolaqueado y reparaci\u00f3n pisos de madera. Garantizamos calidad en cada trabajo y brindamos asesoramiento t\u00e9cnico personalizado.\",\"publisher\":{\"@id\":\"https:\/\/pulidoyplastificado.com.ar\/#organization\"},\"alternateName\":\"PP\",\"potentialAction\":[{\"@type\":\"SearchAction\",\"target\":{\"@type\":\"EntryPoint\",\"urlTemplate\":\"https:\/\/pulidoyplastificado.com.ar\/?s={search_term_string}\"},\"query-input\":{\"@type\":\"PropertyValueSpecification\",\"valueRequired\":true,\"valueName\":\"search_term_string\"}}],\"inLanguage\":\"en-US\"},{\"@type\":\"Organization\",\"@id\":\"https:\/\/pulidoyplastificado.com.ar\/#organization\",\"name\":\"Pulido y Plastificado\",\"alternateName\":\"PP\",\"url\":\"https:\/\/pulidoyplastificado.com.ar\/\",\"logo\":{\"@type\":\"ImageObject\",\"inLanguage\":\"en-US\",\"@id\":\"https:\/\/pulidoyplastificado.com.ar\/#\/schema\/logo\/image\/\",\"url\":\"https:\/\/pulidoyplastificado.com.ar\/wp-content\/uploads\/2023\/05\/307372332_389450333393617_1749893126959261684_n.jpg\",\"contentUrl\":\"https:\/\/pulidoyplastificado.com.ar\/wp-content\/uploads\/2023\/05\/307372332_389450333393617_1749893126959261684_n.jpg\",\"width\":650,\"height\":650,\"caption\":\"Pulido y Plastificado\"},\"image\":{\"@id\":\"https:\/\/pulidoyplastificado.com.ar\/#\/schema\/logo\/image\/\"},\"sameAs\":[\"https:\/\/www.facebook.com\/profile.php?id=100069859611878\",\"https:\/\/ar.pinterest.com\/plastificado\/instapaper\/\"]}]}<\/script>\n<!-- \/ Yoast SEO plugin. -->","yoast_head_json":{"title":"preguntas frecuentes -","robots":{"index":"index","follow":"follow","max-snippet":"max-snippet:-1","max-image-preview":"max-image-preview:large","max-video-preview":"max-video-preview:-1"},"canonical":"https:\/\/pulidoyplastificado.com.ar\/index.php\/preguntas-frecuentes\/","og_locale":"en_US","og_type":"article","og_title":"preguntas frecuentes -","og_url":"https:\/\/pulidoyplastificado.com.ar\/index.php\/preguntas-frecuentes\/","article_publisher":"https:\/\/www.facebook.com\/profile.php?id=100069859611878","article_modified_time":"2023-06-02T15:18:33+00:00","og_image":[{"width":482,"height":296,"url":"https:\/\/pulidoyplastificado.com.ar\/wp-content\/uploads\/2023\/05\/IMG_20210823_202639_122-e1684359984509.webp","type":"image\/webp"}],"twitter_card":"summary_large_image","schema":{"@context":"https:\/\/schema.org","@graph":[{"@type":"WebPage","@id":"https:\/\/pulidoyplastificado.com.ar\/index.php\/preguntas-frecuentes\/","url":"https:\/\/pulidoyplastificado.com.ar\/index.php\/preguntas-frecuentes\/","name":"preguntas frecuentes -","isPartOf":{"@id":"https:\/\/pulidoyplastificado.com.ar\/#website"},"datePublished":"2023-03-26T23:26:57+00:00","dateModified":"2023-06-02T15:18:33+00:00","breadcrumb":{"@id":"https:\/\/pulidoyplastificado.com.ar\/index.php\/preguntas-frecuentes\/#breadcrumb"},"inLanguage":"en-US","potentialAction":[{"@type":"ReadAction","target":["https:\/\/pulidoyplastificado.com.ar\/index.php\/preguntas-frecuentes\/"]}]},{"@type":"BreadcrumbList","@id":"https:\/\/pulidoyplastificado.com.ar\/index.php\/preguntas-frecuentes\/#breadcrumb","itemListElement":[{"@type":"ListItem","position":1,"name":"Portada","item":"https:\/\/pulidoyplastificado.com.ar\/"},{"@type":"ListItem","position":2,"name":"preguntas frecuentes"}]},{"@type":"WebSite","@id":"https:\/\/pulidoyplastificado.com.ar\/#website","url":"https:\/\/pulidoyplastificado.com.ar\/","name":"Pulido y Plastificado","description":"Con 40 a\u00f1os de experiencia, somos expertos en pulido, plastificado, hidrolaqueado y reparaci\u00f3n pisos de madera. Garantizamos calidad en cada trabajo y brindamos asesoramiento t\u00e9cnico personalizado.","publisher":{"@id":"https:\/\/pulidoyplastificado.com.ar\/#organization"},"alternateName":"PP","potentialAction":[{"@type":"SearchAction","target":{"@type":"EntryPoint","urlTemplate":"https:\/\/pulidoyplastificado.com.ar\/?s={search_term_string}"},"query-input":{"@type":"PropertyValueSpecification","valueRequired":true,"valueName":"search_term_string"}}],"inLanguage":"en-US"},{"@type":"Organization","@id":"https:\/\/pulidoyplastificado.com.ar\/#organization","name":"Pulido y Plastificado","alternateName":"PP","url":"https:\/\/pulidoyplastificado.com.ar\/","logo":{"@type":"ImageObject","inLanguage":"en-US","@id":"https:\/\/pulidoyplastificado.com.ar\/#\/schema\/logo\/image\/","url":"https:\/\/pulidoyplastificado.com.ar\/wp-content\/uploads\/2023\/05\/307372332_389450333393617_1749893126959261684_n.jpg","contentUrl":"https:\/\/pulidoyplastificado.com.ar\/wp-content\/uploads\/2023\/05\/307372332_389450333393617_1749893126959261684_n.jpg","width":650,"height":650,"caption":"Pulido y Plastificado"},"image":{"@id":"https:\/\/pulidoyplastificado.com.ar\/#\/schema\/logo\/image\/"},"sameAs":["https:\/\/www.facebook.com\/profile.php?id=100069859611878","https:\/\/ar.pinterest.com\/plastificado\/instapaper\/"]}]}},"_links":{"self":[{"href":"https:\/\/pulidoyplastificado.com.ar\/index.php\/wp-json\/wp\/v2\/pages\/75","targetHints":{"allow":["GET"]}}],"collection":[{"href":"https:\/\/pulidoyplastificado.com.ar\/index.php\/wp-json\/wp\/v2\/pages"}],"about":[{"href":"https:\/\/pulidoyplastificado.com.ar\/index.php\/wp-json\/wp\/v2\/types\/page"}],"author":[{"embeddable":true,"href":"https:\/\/pulidoyplastificado.com.ar\/index.php\/wp-json\/wp\/v2\/users\/1"}],"replies":[{"embeddable":true,"href":"https:\/\/pulidoyplastificado.com.ar\/index.php\/wp-json\/wp\/v2\/comments?post=75"}],"version-history":[{"count":43,"href":"https:\/\/pulidoyplastificado.com.ar\/index.php\/wp-json\/wp\/v2\/pages\/75\/revisions"}],"predecessor-version":[{"id":1370,"href":"https:\/\/pulidoyplastificado.com.ar\/index.php\/wp-json\/wp\/v2\/pages\/75\/revisions\/1370"}],"wp:attachment":[{"href":"https:\/\/pulidoyplastificado.com.ar\/index.php\/wp-json\/wp\/v2\/media?parent=75"}],"curies":[{"name":"wp","href":"https:\/\/api.w.org\/{rel}","templated":true}]}}