{"id":292,"date":"2023-04-02T21:20:57","date_gmt":"2023-04-02T21:20:57","guid":{"rendered":"https:\/\/pyp.sangua.com.ar\/?page_id=292"},"modified":"2023-06-02T15:18:15","modified_gmt":"2023-06-02T15:18:15","slug":"reparacion","status":"publish","type":"page","link":"https:\/\/pulidoyplastificado.com.ar\/index.php\/reparacion\/","title":{"rendered":"reparaci\u00f3n"},"content":{"rendered":"\n<meta name=\"description\" content=\"Con 40 a\u00f1os de experiencia, somos expertos en pulido, plastificado, hidrolaqueado y reparaci\u00f3n pisos de madera. Garantizamos calidad en cada trabajo y brindamos asesoramiento t\u00e9cnico personalizado.\">\n\n<div class=\"fusion-title-sc-wrapper\" style=\"background-color:rgba(78, 78, 78, 0.4);\">\n    <div class=\"fusion-title title fusion-title-2 fusion-sep-none fusion-title-center fusion-title-text fusion-title-size-three fusion-border-below-title\" style=\"margin-top:0px;margin-right:0px;margin-bottom:0px;margin-left:0px;\">\n        <h3 class=\"title-heading-center fusion-responsive-typography-calculated\" style=\"margin: 0px; color: rgb(255, 255, 255); font-size: 25px; line-height: 1.2; --fontSize: 38; --typography_sensitivity: 1;\" data-fontsize=\"38\" data-lineheight=\"45.6px\">\n            <img loading=\"lazy\" decoding=\"async\" src=\"https:\/\/pulidoyplastificado.com.ar\/wp-content\/uploads\/2025\/03\/modificacionDeBanerPrecio.png\" alt=\"\" width=\"1200\" height=\"296\" class=\"aligncenter size-full wp-image-488 lazyloaded\" draggable=\"false\" data-ll-status=\"loaded\">\n            <noscript><img loading=\"lazy\" decoding=\"async\" src=\"https:\/\/pulidoyplastificado.com.ar\/wp-content\/uploads\/2023\/10\/CpuntoModificacionDeBanerPrecio.jpg\" alt=\"\" width=\"1200\" height=\"296\" class=\"aligncenter size-full wp-image-488\"><\/noscript> \n            <div style=\"padding: 1%; margin-left: 3%;\"><strong>Llamanos:<\/strong>\n                <ul>\n                    <br>\n                    <li><a href=\"tel:+5491136537442\">15 3653-7442<\/a><\/li>\n                    <li><a href=\"tel:+5491130132808\">15 3013-2808<\/a><\/li>\n                <\/ul>\n            <\/div>\n        <\/h3>\n    <\/div>\n<\/div>\n<br><br>\n<br><br>\n\n\n\n<h2><strong>Reparaci\u00f3n<\/strong><\/h2>\n\n<style>\n    .entry-title\n     {\n\tdisplay: none;\n     }\n    .custom-logo-link\n    {\n       display: none;\n    }\n   .site-description{\n     display: none;\n}\n<\/style>\n\n<br>\n\n<br>\n\n<p><img loading=\"lazy\" decoding=\"async\" class=\"alignleft size-full wp-image-20 lazyloaded\" src=\"https:\/\/pulidoyplastificado.com.ar\/wp-content\/uploads\/2023\/05\/reparacion.jpg\" alt=\"pulido y plastificado\" width=\"245\" height=\"245\" sizes=\"auto, (max-width: 245px) 100vw, 245px\" srcset=\"https:\/\/pulidoyplastificado.com.ar\/wp-content\/uploads\/2023\/05\/reparacion-66x66.jpg 66w, https:\/\/pulidoyplastificado.com.ar\/wp-content\/uploads\/2023\/05\/reparacion-150x150.jpg 150w, https:\/\/pulidoyplastificado.com.ar\/wp-content\/uploads\/2023\/05\/reparacion.jpg 245w\" data-ll-status=\"loaded\"><noscript><img loading=\"lazy\" decoding=\"async\" class=\"alignleft size-full wp-image-20\" src=\"https:\/\/pulidoyplastificado.com.ar\/wp-content\/uploads\/2023\/05\/reparacion.jpg\" alt=\"pulido y plastificado\" width=\"245\" height=\"245\" srcset=\"https:\/\/pulidoyplastificado.com.ar\/wp-content\/uploads\/2023\/05\/reparacion-66x66.jpg 66w, https:\/\/pulidoyplastificado.com.ar\/wp-content\/uploads\/2023\/05\/reparacion-150x150.jpg 150w, https:\/\/pulidoyplastificado.com.ar\/wp-content\/uploads\/2023\/05\/reparacion.jpg 245w\" sizes=\"auto, (max-width: 245px) 100vw, 245px\"><\/noscript>EL peor enemigo de un piso de madera es el agua, o cualquier l\u00edquido que se derrame sobre la madera, ya que, penetra formando una mancha que no se quita con el pulido, la madera absorbe la humedad y se va oscureciendo, y no hay ni existe proceso o m\u00e9todo que pueda solucionarlo. Por eso es importante cuando hay una p\u00e9rdida de agua o filtraci\u00f3n actuemos con rapidez.<\/p>\n\n<p>&nbsp;Es muy com\u00fan que se quiera remodelar o ampliar los ambientes quitando una pared o sumando un nuevo espacio y el cliente desee tener la misma madera, es un trabajo&nbsp; que requiere gran conocimiento y experiencia, en la mano de obra y en la reposici\u00f3n de la misma madera, en nuestra empresa, contamos con un personal experimentado en reparaciones y ampliaciones de pisos de madera parquet &nbsp;, piso de pinotea con c\u00e1mara, pisos de roble eslavonia con alfaj\u00edas, entablonados, deck.<\/p>\n\n<p>Para tranquilidad de nuestros clientes, todo piso de madera puede ser reparado, sea un piso nuevo o un piso antiguo.<\/p>\n\n<img decoding=\"async\" src=\"https:\/\/pulidoyplastificado.com.ar\/wp-content\/uploads\/2023\/03\/cropped-cropped-IMG_20201007_103705_clipdrop-enhance_clipdrop-relight-scaled-1.jpg\" height=\"380\" sizes=\"(max-width: 380px) 100vw, 380px\">\n\n<p>Para comodidad de nuestros clientes pedimos que nos env\u00eden fotos o videos del sector a reparar, o bien, podemos coordinar una visita de obra.<\/p>\n\n<p>Debes tener en cuenta que el precio de una reparaci\u00f3n es un trabajo adicional al trabajo de pulido y plastificado y depende de los metros que se van a reemplazar&nbsp; y el tipo de madera (existe gran variedad de tipos de maderas y medidas). Esto hace que el precio pueda cambiar significativamente. Por esta raz\u00f3n es fundamental conocer el largo y ancho de una tabla o parquet.<\/p>\n\n<p>Nuestra amplia experiencia en reparaci\u00f3n de pisos nos permite brindar un excelente servicio de calidad y asesoramiento.<\/p>\n\n<p>Y POR NUESTROS MAS DE 40 A\u00d1OS DE EXPERIENCIA TE ASEGURAMOS QUE TODO PISO DE MADERA TIENE SOLUCION<\/p>\n\n\n\n<br><br>\n<div style=\"font-size: 1em;\">\n    <p>Ofrecemos nuestros servicios en:<\/p>\n    <ul>\n        <li><a href=\"https:\/\/pulidoyplastificado.com.ar\/index.php\/pulido-y-plastificado-caballito\">Pulido y Plastificado en Caballito<\/a><\/li>\n        <li><a href=\"https:\/\/pulidoyplastificado.com.ar\/index.php\/pulido-y-plastificado-velez-sarsfield\">Pulido y Plastificado en Velez Sarsfield<\/a><\/li>\n        <li><a href=\"https:\/\/pulidoyplastificado.com.ar\/index.php\/pulido-y-plastificado-boedo\">Pulido y Plastificado en Boedo<\/a><\/li>\n        <li><a href=\"https:\/\/pulidoyplastificado.com.ar\/index.php\/pulido-y-plastificado-chacarita\">Pulido y Plastificado en Chacarita<\/a><\/li>\n        <li><a href=\"https:\/\/pulidoyplastificado.com.ar\/index.php\/pulido-y-plastificado-floresta\">Pulido y Plastificado en floresta<\/a><\/li>    \n        <li><a href=\"https:\/\/pulidoyplastificado.com.ar\/index.php\/pulido-y-plastificado-villa-santa-rita\">Pulido y Plastificado en Villa Santa Rita<\/a><\/li>\n        <li><a href=\"https:\/\/pulidoyplastificado.com.ar\/index.php\/pulido-y-plastificado-mataderos\">Pulido y Plastificado en Mataderos<\/a><\/li>\n        <li><a href=\"https:\/\/pulidoyplastificado.com.ar\/index.php\/pulido-y-plastificado-villa-riachuelo\">Pulido y Plastificado en Villa Riachuelo<\/a><\/li>\n        <li><a href=\"https:\/\/pulidoyplastificado.com.ar\/index.php\/pulido-y-plastificado-savedra\">Pulido y Plastificado en Savedra<\/a><\/li>\n        <li><a href=\"https:\/\/pulidoyplastificado.com.ar\/index.php\/pulido-y-plastificado-villa-real\">Pulido y Plastificado en Villa Real<\/a><\/li>\n        <li><a href=\"https:\/\/pulidoyplastificado.com.ar\/index.php\/pulido-y-plastificado-villa-soldati\">Pulido y Plastificado en Villa Soldati<\/a><\/li>\n        <li><a href=\"https:\/\/pulidoyplastificado.com.ar\/index.php\/pulido-y-plastificado-villa-pueyrredon\">Pulido y Plastificado en Villa Pueyrredon<\/a><\/li>\n        <li><a href=\"https:\/\/pulidoyplastificado.com.ar\/index.php\/pulido-y-plastificado-villa-ortuzar\">Pulido y Plastificado en Villa Ortuzar<\/a><\/li>\n        <li><a href=\"https:\/\/pulidoyplastificado.com.ar\/index.php\/pulido-y-plastificado-villa-lugano\">Pulido y Plastificado en Villa Lugano<\/a><\/li>\n        <li><a href=\"https:\/\/pulidoyplastificado.com.ar\/index.php\/pulido-y-plastificado-villa-general-mitre\">Pulido y Plastificado en Villa General Mitre<\/a><\/li>\n        <li><a href=\"https:\/\/pulidoyplastificado.com.ar\/index.php\/pulido-y-plastificado-versalles\">Pulido y Plastificado en Versalles<\/a><\/li>\n        <li><a href=\"https:\/\/pulidoyplastificado.com.ar\/index.php\/pulido-y-plastificado-san-nicolas\">Pulido y Plastificado en San Nicolas<\/a><\/li>\n        <li><a href=\"https:\/\/pulidoyplastificado.com.ar\/index.php\/pulido-y-plastificado-san-cristobal\">Pulido y Plastificado en San Cristobal<\/a><\/li>\n        <li><a href=\"https:\/\/pulidoyplastificado.com.ar\/index.php\/pulido-y-plastificado-puerto-madero\">Pulido y Plastificado en Puerto Madero<\/a><\/li>\n        <li><a href=\"https:\/\/pulidoyplastificado.com.ar\/index.php\/pulido-y-plastificado-parque-patricios\">Pulido y Plastificado en Parque Patricios<\/a><\/li>\n<li><a href=\"https:\/\/pulidoyplastificado.com.ar\/index.php\/pulido-y-plastificado-parque-chas\">Pulido y Plastificado en Parque Chas<\/a><\/li>\n        <li><a href=\"https:\/\/pulidoyplastificado.com.ar\/index.php\/pulido-y-plastificado-parque-chacabuco\">Pulido y Plastificado en Parque Chacabuco<\/a><\/li>\n        <li><a href=\"https:\/\/pulidoyplastificado.com.ar\/index.php\/pulido-y-plastificado-parque-avellaneda\">Pulido y Plastificado en Parque Avellaneda<\/a><\/li>\n        <li><a href=\"https:\/\/pulidoyplastificado.com.ar\/index.php\/pulido-y-plastificado-nueva-pompeya\">Pulido y Plastificado en Nueva Pompeya<\/a><\/li>\n        <li><a href=\"https:\/\/pulidoyplastificado.com.ar\/index.php\/pulido-y-plastificado-la-paternal\">Pulido y Plastificado en La Paternal<\/a><\/li>\n        <li><a href=\"https:\/\/pulidoyplastificado.com.ar\/index.php\/pulido-y-plastificado-constitucion\">Pulido y Plastificado en Constituci\u00f3n<\/a><\/li>\n        <li><a href=\"https:\/\/pulidoyplastificado.com.ar\/index.php\/pulido-y-plastificado-la-boca\">Pulido y Plastificado en La Boca<\/a><\/li>\n        <li><a href=\"https:\/\/pulidoyplastificado.com.ar\/index.php\/pulido-y-plastificado-coghlan\">Pulido y Plastificado en Coghlan<\/a><\/li>\n        <li><a href=\"https:\/\/pulidoyplastificado.com.ar\/index.php\/pulido-y-plastificado-agronomia\">Pulido y Plastificado en Agronom\u00eda<\/a><\/li>\n        <li><a href=\"https:\/\/pulidoyplastificado.com.ar\/index.php\/pulido-y-plastificado-monte-castro\">Pulido y Plastificado en Monte Castro<\/a><\/li>\n        <li><a href=\"https:\/\/pulidoyplastificado.com.ar\/index.php\/pulido-y-plastificado-liniers\">Pulido y Plastificado en Liniers<\/a><\/li>\n        <li><a href=\"https:\/\/pulidoyplastificado.com.ar\/index.php\/pulido-y-plastificado-montserrat\">Pulido y Plastificado en Montserrat<\/a><\/li>\n        <li><a href=\"https:\/\/pulidoyplastificado.com.ar\/index.php\/pulido-y-plastificado-chacarita\">Pulido y Plastificado en Chacarita<\/a><\/li>\n        <li><a href=\"https:\/\/pulidoyplastificado.com.ar\/index.php\/pulido-y-plastificado-villa-luro\">Pulido y Plastificado en Villa Luro<\/a><\/li>\n<li><a href=\"https:\/\/pulidoyplastificado.com.ar\/index.php\/pulido-y-plastificado-villa-urquiza\">Pulido y Plastificado en Villa Urquiza<\/a><\/li>\n        <li><a href=\"https:\/\/pulidoyplastificado.com.ar\/index.php\/pulido-y-plastificado-belgrano\">Pulido y Plastificado en Belgrano<\/a><\/li>\n        <li><a href=\"https:\/\/pulidoyplastificado.com.ar\/index.php\/pulido-y-plastificado-colegiales\">Pulido y Plastificado en Colegiales<\/a><\/li>\n        <li><a href=\"https:\/\/pulidoyplastificado.com.ar\/index.php\/pulido-y-plastificado-nunez\">Pulido y Plastificado en N\u00fa\u00f1ez<\/a><\/li>\n        <li><a href=\"https:\/\/pulidoyplastificado.com.ar\/index.php\/pulido-y-plastificado-palermo\">Pulido y Plastificado en Palermo<\/a><\/li>\n        <li><a href=\"https:\/\/pulidoyplastificado.com.ar\/index.php\/pulido-y-plastificado-recoleta\">Pulido y Plastificado en Recoleta<\/a><\/li>\n        <li><a href=\"https:\/\/pulidoyplastificado.com.ar\/index.php\/pulido-y-plastificado-san-telmo\">Pulido y Plastificado en San Telmo<\/a><\/li>\n        <li><a href=\"https:\/\/pulidoyplastificado.com.ar\/index.php\/pulido-y-plastificado-retiro\">Pulido y Plastificado en Retiro<\/a><\/li>\n        <li><a href=\"https:\/\/pulidoyplastificado.com.ar\/index.php\/pulido-y-plastificado-congreso\">Pulido y Plastificado en Congreso<\/a><\/li>\n        <li><a href=\"https:\/\/pulidoyplastificado.com.ar\/index.php\/pulido-y-plastificado-monserrat\">Pulido y Plastificado en Monserrat<\/a><\/li>\n        <li><a href=\"https:\/\/pulidoyplastificado.com.ar\/index.php\/pulido-y-plastificado-san-nicolas\">Pulido y Plastificado en San Nicol\u00e1s<\/a><\/li>\n    <\/ul>\n<\/div>\n\n\n\n<br>\n<hr>\n<br><br><br>\n<img decoding=\"async\" src=\"https:\/\/pulidoyplastificado.com.ar\/wp-content\/uploads\/2023\/06\/1.jpg\" alt=\"marcas\">\n\n","protected":false},"excerpt":{"rendered":"","protected":false},"author":1,"featured_media":0,"parent":0,"menu_order":0,"comment_status":"closed","ping_status":"closed","template":"","meta":{"_joinchat":[],"footnotes":""},"class_list":["post-292","page","type-page","status-publish","hentry"],"yoast_head":"<!-- This site is optimized with the Yoast SEO plugin v27.1.1 - https:\/\/yoast.com\/product\/yoast-seo-wordpress\/ -->\n<title>reparaci\u00f3n -<\/title>\n<meta name=\"robots\" content=\"index, follow, max-snippet:-1, max-image-preview:large, max-video-preview:-1\" \/>\n<link rel=\"canonical\" href=\"https:\/\/pulidoyplastificado.com.ar\/index.php\/reparacion\/\" \/>\n<meta property=\"og:locale\" content=\"en_US\" \/>\n<meta property=\"og:type\" content=\"article\" \/>\n<meta property=\"og:title\" content=\"reparaci\u00f3n -\" \/>\n<meta property=\"og:url\" content=\"https:\/\/pulidoyplastificado.com.ar\/index.php\/reparacion\/\" \/>\n<meta property=\"article:publisher\" content=\"https:\/\/www.facebook.com\/profile.php?id=100069859611878\" \/>\n<meta property=\"article:modified_time\" content=\"2023-06-02T15:18:15+00:00\" \/>\n<meta property=\"og:image\" content=\"https:\/\/pulidoyplastificado.com.ar\/wp-content\/uploads\/2023\/05\/IMG_20210823_202639_122-e1684359984509.webp\" \/>\n\t<meta property=\"og:image:width\" content=\"482\" \/>\n\t<meta property=\"og:image:height\" content=\"296\" \/>\n\t<meta property=\"og:image:type\" content=\"image\/webp\" \/>\n<meta name=\"twitter:card\" content=\"summary_large_image\" \/>\n<script type=\"application\/ld+json\" class=\"yoast-schema-graph\">{\"@context\":\"https:\/\/schema.org\",\"@graph\":[{\"@type\":\"WebPage\",\"@id\":\"https:\/\/pulidoyplastificado.com.ar\/index.php\/reparacion\/\",\"url\":\"https:\/\/pulidoyplastificado.com.ar\/index.php\/reparacion\/\",\"name\":\"reparaci\u00f3n -\",\"isPartOf\":{\"@id\":\"https:\/\/pulidoyplastificado.com.ar\/#website\"},\"datePublished\":\"2023-04-02T21:20:57+00:00\",\"dateModified\":\"2023-06-02T15:18:15+00:00\",\"breadcrumb\":{\"@id\":\"https:\/\/pulidoyplastificado.com.ar\/index.php\/reparacion\/#breadcrumb\"},\"inLanguage\":\"en-US\",\"potentialAction\":[{\"@type\":\"ReadAction\",\"target\":[\"https:\/\/pulidoyplastificado.com.ar\/index.php\/reparacion\/\"]}]},{\"@type\":\"BreadcrumbList\",\"@id\":\"https:\/\/pulidoyplastificado.com.ar\/index.php\/reparacion\/#breadcrumb\",\"itemListElement\":[{\"@type\":\"ListItem\",\"position\":1,\"name\":\"Portada\",\"item\":\"https:\/\/pulidoyplastificado.com.ar\/\"},{\"@type\":\"ListItem\",\"position\":2,\"name\":\"reparaci\u00f3n\"}]},{\"@type\":\"WebSite\",\"@id\":\"https:\/\/pulidoyplastificado.com.ar\/#website\",\"url\":\"https:\/\/pulidoyplastificado.com.ar\/\",\"name\":\"Pulido y Plastificado\",\"description\":\"Con 40 a\u00f1os de experiencia, somos expertos en pulido, plastificado, hidrolaqueado y reparaci\u00f3n pisos de madera. Garantizamos calidad en cada trabajo y brindamos asesoramiento t\u00e9cnico personalizado.\",\"publisher\":{\"@id\":\"https:\/\/pulidoyplastificado.com.ar\/#organization\"},\"alternateName\":\"PP\",\"potentialAction\":[{\"@type\":\"SearchAction\",\"target\":{\"@type\":\"EntryPoint\",\"urlTemplate\":\"https:\/\/pulidoyplastificado.com.ar\/?s={search_term_string}\"},\"query-input\":{\"@type\":\"PropertyValueSpecification\",\"valueRequired\":true,\"valueName\":\"search_term_string\"}}],\"inLanguage\":\"en-US\"},{\"@type\":\"Organization\",\"@id\":\"https:\/\/pulidoyplastificado.com.ar\/#organization\",\"name\":\"Pulido y Plastificado\",\"alternateName\":\"PP\",\"url\":\"https:\/\/pulidoyplastificado.com.ar\/\",\"logo\":{\"@type\":\"ImageObject\",\"inLanguage\":\"en-US\",\"@id\":\"https:\/\/pulidoyplastificado.com.ar\/#\/schema\/logo\/image\/\",\"url\":\"https:\/\/pulidoyplastificado.com.ar\/wp-content\/uploads\/2023\/05\/307372332_389450333393617_1749893126959261684_n.jpg\",\"contentUrl\":\"https:\/\/pulidoyplastificado.com.ar\/wp-content\/uploads\/2023\/05\/307372332_389450333393617_1749893126959261684_n.jpg\",\"width\":650,\"height\":650,\"caption\":\"Pulido y Plastificado\"},\"image\":{\"@id\":\"https:\/\/pulidoyplastificado.com.ar\/#\/schema\/logo\/image\/\"},\"sameAs\":[\"https:\/\/www.facebook.com\/profile.php?id=100069859611878\",\"https:\/\/ar.pinterest.com\/plastificado\/instapaper\/\"]}]}<\/script>\n<!-- \/ Yoast SEO plugin. -->","yoast_head_json":{"title":"reparaci\u00f3n -","robots":{"index":"index","follow":"follow","max-snippet":"max-snippet:-1","max-image-preview":"max-image-preview:large","max-video-preview":"max-video-preview:-1"},"canonical":"https:\/\/pulidoyplastificado.com.ar\/index.php\/reparacion\/","og_locale":"en_US","og_type":"article","og_title":"reparaci\u00f3n -","og_url":"https:\/\/pulidoyplastificado.com.ar\/index.php\/reparacion\/","article_publisher":"https:\/\/www.facebook.com\/profile.php?id=100069859611878","article_modified_time":"2023-06-02T15:18:15+00:00","og_image":[{"width":482,"height":296,"url":"https:\/\/pulidoyplastificado.com.ar\/wp-content\/uploads\/2023\/05\/IMG_20210823_202639_122-e1684359984509.webp","type":"image\/webp"}],"twitter_card":"summary_large_image","schema":{"@context":"https:\/\/schema.org","@graph":[{"@type":"WebPage","@id":"https:\/\/pulidoyplastificado.com.ar\/index.php\/reparacion\/","url":"https:\/\/pulidoyplastificado.com.ar\/index.php\/reparacion\/","name":"reparaci\u00f3n -","isPartOf":{"@id":"https:\/\/pulidoyplastificado.com.ar\/#website"},"datePublished":"2023-04-02T21:20:57+00:00","dateModified":"2023-06-02T15:18:15+00:00","breadcrumb":{"@id":"https:\/\/pulidoyplastificado.com.ar\/index.php\/reparacion\/#breadcrumb"},"inLanguage":"en-US","potentialAction":[{"@type":"ReadAction","target":["https:\/\/pulidoyplastificado.com.ar\/index.php\/reparacion\/"]}]},{"@type":"BreadcrumbList","@id":"https:\/\/pulidoyplastificado.com.ar\/index.php\/reparacion\/#breadcrumb","itemListElement":[{"@type":"ListItem","position":1,"name":"Portada","item":"https:\/\/pulidoyplastificado.com.ar\/"},{"@type":"ListItem","position":2,"name":"reparaci\u00f3n"}]},{"@type":"WebSite","@id":"https:\/\/pulidoyplastificado.com.ar\/#website","url":"https:\/\/pulidoyplastificado.com.ar\/","name":"Pulido y Plastificado","description":"Con 40 a\u00f1os de experiencia, somos expertos en pulido, plastificado, hidrolaqueado y reparaci\u00f3n pisos de madera. Garantizamos calidad en cada trabajo y brindamos asesoramiento t\u00e9cnico personalizado.","publisher":{"@id":"https:\/\/pulidoyplastificado.com.ar\/#organization"},"alternateName":"PP","potentialAction":[{"@type":"SearchAction","target":{"@type":"EntryPoint","urlTemplate":"https:\/\/pulidoyplastificado.com.ar\/?s={search_term_string}"},"query-input":{"@type":"PropertyValueSpecification","valueRequired":true,"valueName":"search_term_string"}}],"inLanguage":"en-US"},{"@type":"Organization","@id":"https:\/\/pulidoyplastificado.com.ar\/#organization","name":"Pulido y Plastificado","alternateName":"PP","url":"https:\/\/pulidoyplastificado.com.ar\/","logo":{"@type":"ImageObject","inLanguage":"en-US","@id":"https:\/\/pulidoyplastificado.com.ar\/#\/schema\/logo\/image\/","url":"https:\/\/pulidoyplastificado.com.ar\/wp-content\/uploads\/2023\/05\/307372332_389450333393617_1749893126959261684_n.jpg","contentUrl":"https:\/\/pulidoyplastificado.com.ar\/wp-content\/uploads\/2023\/05\/307372332_389450333393617_1749893126959261684_n.jpg","width":650,"height":650,"caption":"Pulido y Plastificado"},"image":{"@id":"https:\/\/pulidoyplastificado.com.ar\/#\/schema\/logo\/image\/"},"sameAs":["https:\/\/www.facebook.com\/profile.php?id=100069859611878","https:\/\/ar.pinterest.com\/plastificado\/instapaper\/"]}]}},"_links":{"self":[{"href":"https:\/\/pulidoyplastificado.com.ar\/index.php\/wp-json\/wp\/v2\/pages\/292","targetHints":{"allow":["GET"]}}],"collection":[{"href":"https:\/\/pulidoyplastificado.com.ar\/index.php\/wp-json\/wp\/v2\/pages"}],"about":[{"href":"https:\/\/pulidoyplastificado.com.ar\/index.php\/wp-json\/wp\/v2\/types\/page"}],"author":[{"embeddable":true,"href":"https:\/\/pulidoyplastificado.com.ar\/index.php\/wp-json\/wp\/v2\/users\/1"}],"replies":[{"embeddable":true,"href":"https:\/\/pulidoyplastificado.com.ar\/index.php\/wp-json\/wp\/v2\/comments?post=292"}],"version-history":[{"count":10,"href":"https:\/\/pulidoyplastificado.com.ar\/index.php\/wp-json\/wp\/v2\/pages\/292\/revisions"}],"predecessor-version":[{"id":1369,"href":"https:\/\/pulidoyplastificado.com.ar\/index.php\/wp-json\/wp\/v2\/pages\/292\/revisions\/1369"}],"wp:attachment":[{"href":"https:\/\/pulidoyplastificado.com.ar\/index.php\/wp-json\/wp\/v2\/media?parent=292"}],"curies":[{"name":"wp","href":"https:\/\/api.w.org\/{rel}","templated":true}]}}